{"id":2046,"date":"2024-04-07T12:38:58","date_gmt":"2024-04-07T12:38:58","guid":{"rendered":"https:\/\/ozbeauty.de\/?page_id=2046"},"modified":"2024-04-07T15:54:13","modified_gmt":"2024-04-07T15:54:13","slug":"ems-sclupt","status":"publish","type":"page","link":"https:\/\/ozbeauty.de\/en\/ems-sclupt\/","title":{"rendered":"EMS Sclupt"},"content":{"rendered":"\t\t<div data-elementor-type=\"wp-page\" data-elementor-id=\"2046\" class=\"elementor elementor-2046\">\n\t\t\t\t<div class=\"elementor-element elementor-element-f26c18b e-flex e-con-boxed e-con e-parent\" data-id=\"f26c18b\" data-element_type=\"container\" data-settings=\"{&quot;background_background&quot;:&quot;classic&quot;}\">\n\t\t\t\t\t<div class=\"e-con-inner\">\n\t\t\t\t<div class=\"elementor-element elementor-element-203e19a elementor-widget elementor-widget-spacer\" data-id=\"203e19a\" data-element_type=\"widget\" data-widget_type=\"spacer.default\">\n\t\t\t\t<div class=\"elementor-widget-container\">\n\t\t\t<style>\/*! elementor - v3.23.0 - 05-08-2024 *\/\n.elementor-column .elementor-spacer-inner{height:var(--spacer-size)}.e-con{--container-widget-width:100%}.e-con-inner>.elementor-widget-spacer,.e-con>.elementor-widget-spacer{width:var(--container-widget-width,var(--spacer-size));--align-self:var(--container-widget-align-self,initial);--flex-shrink:0}.e-con-inner>.elementor-widget-spacer>.elementor-widget-container,.e-con>.elementor-widget-spacer>.elementor-widget-container{height:100%;width:100%}.e-con-inner>.elementor-widget-spacer>.elementor-widget-container>.elementor-spacer,.e-con>.elementor-widget-spacer>.elementor-widget-container>.elementor-spacer{height:100%}.e-con-inner>.elementor-widget-spacer>.elementor-widget-container>.elementor-spacer>.elementor-spacer-inner,.e-con>.elementor-widget-spacer>.elementor-widget-container>.elementor-spacer>.elementor-spacer-inner{height:var(--container-widget-height,var(--spacer-size))}.e-con-inner>.elementor-widget-spacer.elementor-widget-empty,.e-con>.elementor-widget-spacer.elementor-widget-empty{position:relative;min-height:22px;min-width:22px}.e-con-inner>.elementor-widget-spacer.elementor-widget-empty .elementor-widget-empty-icon,.e-con>.elementor-widget-spacer.elementor-widget-empty .elementor-widget-empty-icon{position:absolute;top:0;bottom:0;left:0;right:0;margin:auto;padding:0;width:22px;height:22px}<\/style>\t\t<div class=\"elementor-spacer\">\n\t\t\t<div class=\"elementor-spacer-inner\"><\/div>\n\t\t<\/div>\n\t\t\t\t<\/div>\n\t\t\t\t<\/div>\n\t\t\t\t<div class=\"elementor-element elementor-element-29198ec elementor-widget elementor-widget-heading\" data-id=\"29198ec\" data-element_type=\"widget\" data-widget_type=\"heading.default\">\n\t\t\t\t<div class=\"elementor-widget-container\">\n\t\t\t<style>\/*! elementor - v3.23.0 - 05-08-2024 *\/\n.elementor-heading-title{padding:0;margin:0;line-height:1}.elementor-widget-heading .elementor-heading-title[class*=elementor-size-]>a{color:inherit;font-size:inherit;line-height:inherit}.elementor-widget-heading .elementor-heading-title.elementor-size-small{font-size:15px}.elementor-widget-heading .elementor-heading-title.elementor-size-medium{font-size:19px}.elementor-widget-heading .elementor-heading-title.elementor-size-large{font-size:29px}.elementor-widget-heading .elementor-heading-title.elementor-size-xl{font-size:39px}.elementor-widget-heading .elementor-heading-title.elementor-size-xxl{font-size:59px}<\/style><h2 class=\"elementor-heading-title elementor-size-default\">EMS Sculpt<\/h2>\t\t<\/div>\n\t\t\t\t<\/div>\n\t\t\t\t<div class=\"elementor-element elementor-element-5a863be elementor-widget elementor-widget-spacer\" data-id=\"5a863be\" data-element_type=\"widget\" data-widget_type=\"spacer.default\">\n\t\t\t\t<div class=\"elementor-widget-container\">\n\t\t\t\t\t<div class=\"elementor-spacer\">\n\t\t\t<div class=\"elementor-spacer-inner\"><\/div>\n\t\t<\/div>\n\t\t\t\t<\/div>\n\t\t\t\t<\/div>\n\t\t\t\t\t<\/div>\n\t\t\t\t<\/div>\n\t\t<div class=\"elementor-element elementor-element-1b6f15d e-flex e-con-boxed e-con e-parent\" data-id=\"1b6f15d\" data-element_type=\"container\">\n\t\t\t\t\t<div class=\"e-con-inner\">\n\t\t\t\t\t<\/div>\n\t\t\t\t<\/div>\n\t\t<div class=\"elementor-element elementor-element-29524cf e-flex e-con-boxed e-con e-parent\" data-id=\"29524cf\" data-element_type=\"container\">\n\t\t\t\t\t<div class=\"e-con-inner\">\n\t\t\t\t<div class=\"elementor-element elementor-element-6b19d63 elementor-widget elementor-widget-heading\" data-id=\"6b19d63\" data-element_type=\"widget\" data-widget_type=\"heading.default\">\n\t\t\t\t<div class=\"elementor-widget-container\">\n\t\t\t<h2 class=\"elementor-heading-title elementor-size-default\">Revolution\u00e4re K\u00f6rperstraffung mit EMS Sculpt: Gezielte Muskelstimulation f\u00fcr sichtbare Ergebniss<\/h2>\t\t<\/div>\n\t\t\t\t<\/div>\n\t\t\t\t<div class=\"elementor-element elementor-element-5a3dd63 elementor-widget elementor-widget-text-editor\" data-id=\"5a3dd63\" data-element_type=\"widget\" data-widget_type=\"text-editor.default\">\n\t\t\t\t<div class=\"elementor-widget-container\">\n\t\t\t<style>\/*! elementor - v3.23.0 - 05-08-2024 *\/\n.elementor-widget-text-editor.elementor-drop-cap-view-stacked .elementor-drop-cap{background-color:#69727d;color:#fff}.elementor-widget-text-editor.elementor-drop-cap-view-framed .elementor-drop-cap{color:#69727d;border:3px solid;background-color:transparent}.elementor-widget-text-editor:not(.elementor-drop-cap-view-default) .elementor-drop-cap{margin-top:8px}.elementor-widget-text-editor:not(.elementor-drop-cap-view-default) .elementor-drop-cap-letter{width:1em;height:1em}.elementor-widget-text-editor .elementor-drop-cap{float:left;text-align:center;line-height:1;font-size:50px}.elementor-widget-text-editor .elementor-drop-cap-letter{display:inline-block}<\/style>\t\t\t\t<p>Entdecken Sie EMS Sculpt, die innovative Methode zur gezielten Muskelstimulation, die Ihre K\u00f6rperkontur transformiert. Mit Hilfe von elektrischer Muskelstimulation (EMS) formt, strafft und st\u00e4rkt EMS Sculpt Ihre Muskeln effektiv, um sichtbare Ergebnisse zu erzielen. Diese nicht-invasive Behandlung bietet eine zeitsparende L\u00f6sung f\u00fcr eine verbesserte K\u00f6rperstraffung, ohne auf intensive Workouts angewiesen zu sein. Gezielt k\u00f6nnen Problemzonen wie Bauch, Ges\u00e4\u00df, Arme und Beine behandelt werden, um eine gestraffte und definierte Silhouette zu erreichen. Entdecken Sie die Kraft von EMS Sculpt f\u00fcr eine transformative Ver\u00e4nderung Ihrer K\u00f6rperkontur.<\/p>\t\t\t\t\t\t<\/div>\n\t\t\t\t<\/div>\n\t\t\t\t\t<\/div>\n\t\t\t\t<\/div>\n\t\t<div class=\"elementor-element elementor-element-0a10ae6 e-flex e-con-boxed e-con e-parent\" data-id=\"0a10ae6\" data-element_type=\"container\">\n\t\t\t\t\t<div class=\"e-con-inner\">\n\t\t<div class=\"elementor-element elementor-element-2eeecf4 e-con-full e-flex e-con e-child\" data-id=\"2eeecf4\" data-element_type=\"container\">\n\t\t\t\t<\/div>\n\t\t<div class=\"elementor-element elementor-element-f98601b e-con-full e-flex e-con e-child\" data-id=\"f98601b\" data-element_type=\"container\">\n\t\t\t\t<div class=\"elementor-element elementor-element-8ff0bf9 elementor-widget elementor-widget-text-editor\" data-id=\"8ff0bf9\" data-element_type=\"widget\" data-widget_type=\"text-editor.default\">\n\t\t\t\t<div class=\"elementor-widget-container\">\n\t\t\t\t\t\t\t<ul><li>Effektive Muskelstimulation f\u00fcr gezielte K\u00f6rperstraffung<\/li>\n<li>Transformation der K\u00f6rperkontur durch EMS Sculpt<\/li>\n<li>Nicht-invasive Behandlungsmethode<\/li>\n<li>Zeitersparnis im Vergleich zu intensiven Workouts<\/li>\n<li>Verbesserte K\u00f6rperstraffung ohne Notwendigkeit f\u00fcr anstrengende Trainingseinheiten<\/li>\n<li>Gezielte Behandlung von Problemzonen wie Bauch, Ges\u00e4\u00df, Arme und Beine<\/li>\n<li>Erzielen einer gestrafften und definierten Silhouette<\/li>\n<li>Transformative Ver\u00e4nderung der K\u00f6rperkontur mit EMS Sculpt<\/li>\n<\/ul>\t\t\t\t\t\t<\/div>\n\t\t\t\t<\/div>\n\t\t\t\t<\/div>\n\t\t<div class=\"elementor-element elementor-element-c6e8562 e-con-full e-flex e-con e-child\" data-id=\"c6e8562\" data-element_type=\"container\">\n\t\t\t\t<\/div>\n\t\t\t\t\t<\/div>\n\t\t\t\t<\/div>\n\t\t\t\t<\/div>\n\t\t","protected":false},"excerpt":{"rendered":"<p>EMS Sculpt Revolution\u00e4re K\u00f6rperstraffung mit EMS Sculpt: Gezielte Muskelstimulation f\u00fcr sichtbare Ergebniss Entdecken Sie EMS Sculpt, die innovative Methode zur gezielten Muskelstimulation, die Ihre K\u00f6rperkontur transformiert. Mit Hilfe von elektrischer Muskelstimulation (EMS) formt, strafft und st\u00e4rkt EMS Sculpt Ihre Muskeln effektiv, um sichtbare Ergebnisse zu erzielen. Diese nicht-invasive Behandlung bietet eine zeitsparende L\u00f6sung f\u00fcr eine [&hellip;]<\/p>\n","protected":false},"author":1,"featured_media":0,"parent":0,"menu_order":0,"comment_status":"closed","ping_status":"closed","template":"","meta":{"site-sidebar-layout":"no-sidebar","site-content-layout":"page-builder","ast-site-content-layout":"full-width-container","site-content-style":"default","site-sidebar-style":"default","ast-global-header-display":"","ast-banner-title-visibility":"","ast-main-header-display":"","ast-hfb-above-header-display":"","ast-hfb-below-header-display":"","ast-hfb-mobile-header-display":"","site-post-title":"disabled","ast-breadcrumbs-content":"","ast-featured-img":"disabled","footer-sml-layout":"","ast-disable-related-posts":"","theme-transparent-header-meta":"","adv-header-id-meta":"","stick-header-meta":"","header-above-stick-meta":"","header-main-stick-meta":"","header-below-stick-meta":"","astra-migrate-meta-layouts":"set","ast-page-background-enabled":"default","ast-page-background-meta":{"desktop":{"background-color":"var(--ast-global-color-4)","background-image":"","background-repeat":"repeat","background-position":"center center","background-size":"auto","background-attachment":"scroll","background-type":"","background-media":"","overlay-type":"","overlay-color":"","overlay-opacity":"","overlay-gradient":""},"tablet":{"background-color":"","background-image":"","background-repeat":"repeat","background-position":"center center","background-size":"auto","background-attachment":"scroll","background-type":"","background-media":"","overlay-type":"","overlay-color":"","overlay-opacity":"","overlay-gradient":""},"mobile":{"background-color":"","background-image":"","background-repeat":"repeat","background-position":"center center","background-size":"auto","background-attachment":"scroll","background-type":"","background-media":"","overlay-type":"","overlay-color":"","overlay-opacity":"","overlay-gradient":""}},"ast-content-background-meta":{"desktop":{"background-color":"var(--ast-global-color-5)","background-image":"","background-repeat":"repeat","background-position":"center center","background-size":"auto","background-attachment":"scroll","background-type":"","background-media":"","overlay-type":"","overlay-color":"","overlay-opacity":"","overlay-gradient":""},"tablet":{"background-color":"var(--ast-global-color-5)","background-image":"","background-repeat":"repeat","background-position":"center center","background-size":"auto","background-attachment":"scroll","background-type":"","background-media":"","overlay-type":"","overlay-color":"","overlay-opacity":"","overlay-gradient":""},"mobile":{"background-color":"var(--ast-global-color-5)","background-image":"","background-repeat":"repeat","background-position":"center center","background-size":"auto","background-attachment":"scroll","background-type":"","background-media":"","overlay-type":"","overlay-color":"","overlay-opacity":"","overlay-gradient":""}},"two_page_speed":[]},"yoast_head":"<!-- This site is optimized with the Yoast SEO plugin v21.8.1 - https:\/\/yoast.com\/wordpress\/plugins\/seo\/ -->\n<title>EMS Sclupt -<\/title>\n<meta name=\"robots\" content=\"index, follow, max-snippet:-1, max-image-preview:large, max-video-preview:-1\" \/>\n<link rel=\"canonical\" href=\"https:\/\/ozbeauty.de\/en\/ems-sclupt\/\" \/>\n<meta property=\"og:locale\" content=\"en_GB\" \/>\n<meta property=\"og:type\" content=\"article\" \/>\n<meta property=\"og:title\" content=\"EMS Sclupt -\" \/>\n<meta property=\"og:description\" content=\"EMS Sculpt Revolution\u00e4re K\u00f6rperstraffung mit EMS Sculpt: Gezielte Muskelstimulation f\u00fcr sichtbare Ergebniss Entdecken Sie EMS Sculpt, die innovative Methode zur gezielten Muskelstimulation, die Ihre K\u00f6rperkontur transformiert. Mit Hilfe von elektrischer Muskelstimulation (EMS) formt, strafft und st\u00e4rkt EMS Sculpt Ihre Muskeln effektiv, um sichtbare Ergebnisse zu erzielen. Diese nicht-invasive Behandlung bietet eine zeitsparende L\u00f6sung f\u00fcr eine [&hellip;]\" \/>\n<meta property=\"og:url\" content=\"https:\/\/ozbeauty.de\/en\/ems-sclupt\/\" \/>\n<meta property=\"article:publisher\" content=\"https:\/\/www.facebook.com\/people\/Selda-zerik\/pfbid028etd2ZgpjNqS6E41bgZ2ehw1iQkG8bmLghwMbkTkKMcetqxQWqoDXFhnde7vdBAzl\/\" \/>\n<meta property=\"article:modified_time\" content=\"2024-04-07T15:54:13+00:00\" \/>\n<meta name=\"twitter:card\" content=\"summary_large_image\" \/>\n<meta name=\"twitter:label1\" content=\"Estimated reading time\" \/>\n\t<meta name=\"twitter:data1\" content=\"1 minute\" \/>\n<script type=\"application\/ld+json\" class=\"yoast-schema-graph\">{\"@context\":\"https:\/\/schema.org\",\"@graph\":[{\"@type\":\"WebPage\",\"@id\":\"https:\/\/ozbeauty.de\/ems-sclupt\/\",\"url\":\"https:\/\/ozbeauty.de\/ems-sclupt\/\",\"name\":\"EMS Sclupt -\",\"isPartOf\":{\"@id\":\"https:\/\/ozbeauty.de\/#website\"},\"datePublished\":\"2024-04-07T12:38:58+00:00\",\"dateModified\":\"2024-04-07T15:54:13+00:00\",\"breadcrumb\":{\"@id\":\"https:\/\/ozbeauty.de\/ems-sclupt\/#breadcrumb\"},\"inLanguage\":\"en-GB\",\"potentialAction\":[{\"@type\":\"ReadAction\",\"target\":[\"https:\/\/ozbeauty.de\/ems-sclupt\/\"]}]},{\"@type\":\"BreadcrumbList\",\"@id\":\"https:\/\/ozbeauty.de\/ems-sclupt\/#breadcrumb\",\"itemListElement\":[{\"@type\":\"ListItem\",\"position\":1,\"name\":\"Startseite\",\"item\":\"https:\/\/ozbeauty.de\/\"},{\"@type\":\"ListItem\",\"position\":2,\"name\":\"EMS Sclupt\"}]},{\"@type\":\"WebSite\",\"@id\":\"https:\/\/ozbeauty.de\/#website\",\"url\":\"https:\/\/ozbeauty.de\/\",\"name\":\"www.ozbeauty.de\",\"description\":\"Cosmetic Salon\",\"publisher\":{\"@id\":\"https:\/\/ozbeauty.de\/#organization\"},\"potentialAction\":[{\"@type\":\"SearchAction\",\"target\":{\"@type\":\"EntryPoint\",\"urlTemplate\":\"https:\/\/ozbeauty.de\/?s={search_term_string}\"},\"query-input\":\"required name=search_term_string\"}],\"inLanguage\":\"en-GB\"},{\"@type\":\"Organization\",\"@id\":\"https:\/\/ozbeauty.de\/#organization\",\"name\":\"OZ Beauty Cosmetic\",\"url\":\"https:\/\/ozbeauty.de\/\",\"logo\":{\"@type\":\"ImageObject\",\"inLanguage\":\"en-GB\",\"@id\":\"https:\/\/ozbeauty.de\/#\/schema\/logo\/image\/\",\"url\":\"https:\/\/ozbeauty.de\/wp-content\/uploads\/2023\/04\/43874_OZ-BEAUTY_DP-01.png\",\"contentUrl\":\"https:\/\/ozbeauty.de\/wp-content\/uploads\/2023\/04\/43874_OZ-BEAUTY_DP-01.png\",\"width\":292,\"height\":186,\"caption\":\"OZ Beauty Cosmetic\"},\"image\":{\"@id\":\"https:\/\/ozbeauty.de\/#\/schema\/logo\/image\/\"},\"sameAs\":[\"https:\/\/www.facebook.com\/people\/Selda-zerik\/pfbid028etd2ZgpjNqS6E41bgZ2ehw1iQkG8bmLghwMbkTkKMcetqxQWqoDXFhnde7vdBAzl\/\",\"https:\/\/www.instagram.com\/ozbeauty_\/\"]}]}<\/script>\n<!-- \/ Yoast SEO plugin. -->","yoast_head_json":{"title":"EMS Sclupt -","robots":{"index":"index","follow":"follow","max-snippet":"max-snippet:-1","max-image-preview":"max-image-preview:large","max-video-preview":"max-video-preview:-1"},"canonical":"https:\/\/ozbeauty.de\/en\/ems-sclupt\/","og_locale":"en_GB","og_type":"article","og_title":"EMS Sclupt -","og_description":"EMS Sculpt Revolution\u00e4re K\u00f6rperstraffung mit EMS Sculpt: Gezielte Muskelstimulation f\u00fcr sichtbare Ergebniss Entdecken Sie EMS Sculpt, die innovative Methode zur gezielten Muskelstimulation, die Ihre K\u00f6rperkontur transformiert. Mit Hilfe von elektrischer Muskelstimulation (EMS) formt, strafft und st\u00e4rkt EMS Sculpt Ihre Muskeln effektiv, um sichtbare Ergebnisse zu erzielen. Diese nicht-invasive Behandlung bietet eine zeitsparende L\u00f6sung f\u00fcr eine [&hellip;]","og_url":"https:\/\/ozbeauty.de\/en\/ems-sclupt\/","article_publisher":"https:\/\/www.facebook.com\/people\/Selda-zerik\/pfbid028etd2ZgpjNqS6E41bgZ2ehw1iQkG8bmLghwMbkTkKMcetqxQWqoDXFhnde7vdBAzl\/","article_modified_time":"2024-04-07T15:54:13+00:00","twitter_card":"summary_large_image","twitter_misc":{"Estimated reading time":"1 minute"},"schema":{"@context":"https:\/\/schema.org","@graph":[{"@type":"WebPage","@id":"https:\/\/ozbeauty.de\/ems-sclupt\/","url":"https:\/\/ozbeauty.de\/ems-sclupt\/","name":"EMS Sclupt -","isPartOf":{"@id":"https:\/\/ozbeauty.de\/#website"},"datePublished":"2024-04-07T12:38:58+00:00","dateModified":"2024-04-07T15:54:13+00:00","breadcrumb":{"@id":"https:\/\/ozbeauty.de\/ems-sclupt\/#breadcrumb"},"inLanguage":"en-GB","potentialAction":[{"@type":"ReadAction","target":["https:\/\/ozbeauty.de\/ems-sclupt\/"]}]},{"@type":"BreadcrumbList","@id":"https:\/\/ozbeauty.de\/ems-sclupt\/#breadcrumb","itemListElement":[{"@type":"ListItem","position":1,"name":"Startseite","item":"https:\/\/ozbeauty.de\/"},{"@type":"ListItem","position":2,"name":"EMS Sclupt"}]},{"@type":"WebSite","@id":"https:\/\/ozbeauty.de\/#website","url":"https:\/\/ozbeauty.de\/","name":"www.ozbeauty.de","description":"Cosmetic Salon","publisher":{"@id":"https:\/\/ozbeauty.de\/#organization"},"potentialAction":[{"@type":"SearchAction","target":{"@type":"EntryPoint","urlTemplate":"https:\/\/ozbeauty.de\/?s={search_term_string}"},"query-input":"required name=search_term_string"}],"inLanguage":"en-GB"},{"@type":"Organization","@id":"https:\/\/ozbeauty.de\/#organization","name":"OZ Beauty Cosmetic","url":"https:\/\/ozbeauty.de\/","logo":{"@type":"ImageObject","inLanguage":"en-GB","@id":"https:\/\/ozbeauty.de\/#\/schema\/logo\/image\/","url":"https:\/\/ozbeauty.de\/wp-content\/uploads\/2023\/04\/43874_OZ-BEAUTY_DP-01.png","contentUrl":"https:\/\/ozbeauty.de\/wp-content\/uploads\/2023\/04\/43874_OZ-BEAUTY_DP-01.png","width":292,"height":186,"caption":"OZ Beauty Cosmetic"},"image":{"@id":"https:\/\/ozbeauty.de\/#\/schema\/logo\/image\/"},"sameAs":["https:\/\/www.facebook.com\/people\/Selda-zerik\/pfbid028etd2ZgpjNqS6E41bgZ2ehw1iQkG8bmLghwMbkTkKMcetqxQWqoDXFhnde7vdBAzl\/","https:\/\/www.instagram.com\/ozbeauty_\/"]}]}},"_links":{"self":[{"href":"https:\/\/ozbeauty.de\/en\/wp-json\/wp\/v2\/pages\/2046"}],"collection":[{"href":"https:\/\/ozbeauty.de\/en\/wp-json\/wp\/v2\/pages"}],"about":[{"href":"https:\/\/ozbeauty.de\/en\/wp-json\/wp\/v2\/types\/page"}],"author":[{"embeddable":true,"href":"https:\/\/ozbeauty.de\/en\/wp-json\/wp\/v2\/users\/1"}],"replies":[{"embeddable":true,"href":"https:\/\/ozbeauty.de\/en\/wp-json\/wp\/v2\/comments?post=2046"}],"version-history":[{"count":34,"href":"https:\/\/ozbeauty.de\/en\/wp-json\/wp\/v2\/pages\/2046\/revisions"}],"predecessor-version":[{"id":2223,"href":"https:\/\/ozbeauty.de\/en\/wp-json\/wp\/v2\/pages\/2046\/revisions\/2223"}],"wp:attachment":[{"href":"https:\/\/ozbeauty.de\/en\/wp-json\/wp\/v2\/media?parent=2046"}],"curies":[{"name":"wp","href":"https:\/\/api.w.org\/{rel}","templated":true}]}}