{"id":1995,"date":"2024-04-07T11:36:36","date_gmt":"2024-04-07T11:36:36","guid":{"rendered":"https:\/\/ozbeauty.de\/?page_id=1995"},"modified":"2024-04-07T15:47:40","modified_gmt":"2024-04-07T15:47:40","slug":"lymphdrainiage-pressotherapie","status":"publish","type":"page","link":"https:\/\/ozbeauty.de\/en\/lymphdrainiage-pressotherapie\/","title":{"rendered":"Lymphdrainage Pressotherapie"},"content":{"rendered":"\t\t<div data-elementor-type=\"wp-page\" data-elementor-id=\"1995\" class=\"elementor elementor-1995\">\n\t\t\t\t<div class=\"elementor-element elementor-element-5c83a72 e-flex e-con-boxed e-con e-parent\" data-id=\"5c83a72\" data-element_type=\"container\" data-settings=\"{&quot;background_background&quot;:&quot;classic&quot;}\">\n\t\t\t\t\t<div class=\"e-con-inner\">\n\t\t\t\t<div class=\"elementor-element elementor-element-81a2718 elementor-widget elementor-widget-spacer\" data-id=\"81a2718\" data-element_type=\"widget\" data-widget_type=\"spacer.default\">\n\t\t\t\t<div class=\"elementor-widget-container\">\n\t\t\t<style>\/*! elementor - v3.23.0 - 05-08-2024 *\/\n.elementor-column .elementor-spacer-inner{height:var(--spacer-size)}.e-con{--container-widget-width:100%}.e-con-inner>.elementor-widget-spacer,.e-con>.elementor-widget-spacer{width:var(--container-widget-width,var(--spacer-size));--align-self:var(--container-widget-align-self,initial);--flex-shrink:0}.e-con-inner>.elementor-widget-spacer>.elementor-widget-container,.e-con>.elementor-widget-spacer>.elementor-widget-container{height:100%;width:100%}.e-con-inner>.elementor-widget-spacer>.elementor-widget-container>.elementor-spacer,.e-con>.elementor-widget-spacer>.elementor-widget-container>.elementor-spacer{height:100%}.e-con-inner>.elementor-widget-spacer>.elementor-widget-container>.elementor-spacer>.elementor-spacer-inner,.e-con>.elementor-widget-spacer>.elementor-widget-container>.elementor-spacer>.elementor-spacer-inner{height:var(--container-widget-height,var(--spacer-size))}.e-con-inner>.elementor-widget-spacer.elementor-widget-empty,.e-con>.elementor-widget-spacer.elementor-widget-empty{position:relative;min-height:22px;min-width:22px}.e-con-inner>.elementor-widget-spacer.elementor-widget-empty .elementor-widget-empty-icon,.e-con>.elementor-widget-spacer.elementor-widget-empty .elementor-widget-empty-icon{position:absolute;top:0;bottom:0;left:0;right:0;margin:auto;padding:0;width:22px;height:22px}<\/style>\t\t<div class=\"elementor-spacer\">\n\t\t\t<div class=\"elementor-spacer-inner\"><\/div>\n\t\t<\/div>\n\t\t\t\t<\/div>\n\t\t\t\t<\/div>\n\t\t\t\t<div class=\"elementor-element elementor-element-f6d6925 elementor-widget elementor-widget-heading\" data-id=\"f6d6925\" data-element_type=\"widget\" data-widget_type=\"heading.default\">\n\t\t\t\t<div class=\"elementor-widget-container\">\n\t\t\t<style>\/*! elementor - v3.23.0 - 05-08-2024 *\/\n.elementor-heading-title{padding:0;margin:0;line-height:1}.elementor-widget-heading .elementor-heading-title[class*=elementor-size-]>a{color:inherit;font-size:inherit;line-height:inherit}.elementor-widget-heading .elementor-heading-title.elementor-size-small{font-size:15px}.elementor-widget-heading .elementor-heading-title.elementor-size-medium{font-size:19px}.elementor-widget-heading .elementor-heading-title.elementor-size-large{font-size:29px}.elementor-widget-heading .elementor-heading-title.elementor-size-xl{font-size:39px}.elementor-widget-heading .elementor-heading-title.elementor-size-xxl{font-size:59px}<\/style><h2 class=\"elementor-heading-title elementor-size-default\"><h2 class=\"elementor-heading-title elementor-size-default elementor-inline-editing pen\" data-elementor-setting-key=\"title\" data-pen-placeholder=\"Eingabe hier...\" style=\"font-size: 30px; font-style: normal; font-weight: 600; font-family: &quot;Zilla Slab&quot;, sans-serif; text-align: right;\"> medizinisch zertifizierte Lymphdrainage Pressotherapie<span style=\"color: var( --e-global-color-db96790 ); background-color: var(--ast-global-color-5);\"><\/span><br><\/h2><\/h2>\t\t<\/div>\n\t\t\t\t<\/div>\n\t\t\t\t<div class=\"elementor-element elementor-element-bd70fa3 elementor-widget elementor-widget-spacer\" data-id=\"bd70fa3\" data-element_type=\"widget\" data-widget_type=\"spacer.default\">\n\t\t\t\t<div class=\"elementor-widget-container\">\n\t\t\t\t\t<div class=\"elementor-spacer\">\n\t\t\t<div class=\"elementor-spacer-inner\"><\/div>\n\t\t<\/div>\n\t\t\t\t<\/div>\n\t\t\t\t<\/div>\n\t\t\t\t\t<\/div>\n\t\t\t\t<\/div>\n\t\t<div class=\"elementor-element elementor-element-2f63574 e-flex e-con-boxed e-con e-parent\" data-id=\"2f63574\" data-element_type=\"container\">\n\t\t\t\t\t<div class=\"e-con-inner\">\n\t\t\t\t\t<\/div>\n\t\t\t\t<\/div>\n\t\t<div class=\"elementor-element elementor-element-d4d9ce4 e-flex e-con-boxed e-con e-parent\" data-id=\"d4d9ce4\" data-element_type=\"container\">\n\t\t\t\t\t<div class=\"e-con-inner\">\n\t\t<div class=\"elementor-element elementor-element-2a2d6e5 e-con-full e-flex e-con e-child\" data-id=\"2a2d6e5\" data-element_type=\"container\">\n\t\t\t\t<\/div>\n\t\t<div class=\"elementor-element elementor-element-3c0e9d8 e-con-full e-flex e-con e-child\" data-id=\"3c0e9d8\" data-element_type=\"container\">\n\t\t\t\t<div class=\"elementor-element elementor-element-3f76966 elementor-widget elementor-widget-heading\" data-id=\"3f76966\" data-element_type=\"widget\" data-widget_type=\"heading.default\">\n\t\t\t\t<div class=\"elementor-widget-container\">\n\t\t\t<h2 class=\"elementor-heading-title elementor-size-default\">Was ist eine Lymphdrainage Pressotherapie<\/h2>\t\t<\/div>\n\t\t\t\t<\/div>\n\t\t\t\t<div class=\"elementor-element elementor-element-ef9f630 elementor-widget elementor-widget-heading\" data-id=\"ef9f630\" data-element_type=\"widget\" data-widget_type=\"heading.default\">\n\t\t\t\t<div class=\"elementor-widget-container\">\n\t\t\t<h2 class=\"elementor-heading-title elementor-size-default\"><span style=\"color: rgb(0, 0, 0); font-family: &quot;Zilla Slab&quot;, sans-serif; font-size: 19px; font-weight: 400; text-align: center; white-space-collapse: collapse;\">Die medizinisch zertifizierte Lymphdrainage Pressotherapie ist eine fortschrittliche Behandlungsmethode, die den nat\u00fcrlichen Lymphfluss stimuliert, um Schwellungen zu reduzieren und den K\u00f6rper zu entschlacken. Durch sanfte, aber gezielte Druckwellen werden Giftstoffe und \u00fcbersch\u00fcssige Fl\u00fcssigkeiten aus dem Gewebe abtransportiert, was zu einem verbesserten Wohlbefinden und einer strafferen Haut f\u00fchrt.<\/span><\/h2>\t\t<\/div>\n\t\t\t\t<\/div>\n\t\t\t\t<\/div>\n\t\t<div class=\"elementor-element elementor-element-8620d52 e-con-full e-flex e-con e-child\" data-id=\"8620d52\" data-element_type=\"container\">\n\t\t\t\t<\/div>\n\t\t\t\t\t<\/div>\n\t\t\t\t<\/div>\n\t\t<div class=\"elementor-element elementor-element-51bf42b e-flex e-con-boxed e-con e-parent\" data-id=\"51bf42b\" data-element_type=\"container\">\n\t\t\t\t\t<div class=\"e-con-inner\">\n\t\t<div class=\"elementor-element elementor-element-a61e678 e-con-full e-flex e-con e-child\" data-id=\"a61e678\" data-element_type=\"container\">\n\t\t\t\t<\/div>\n\t\t<div class=\"elementor-element elementor-element-4764c96 e-con-full e-flex e-con e-child\" data-id=\"4764c96\" data-element_type=\"container\">\n\t\t\t\t<div class=\"elementor-element elementor-element-fc1dd59 elementor-widget elementor-widget-text-editor\" data-id=\"fc1dd59\" data-element_type=\"widget\" data-widget_type=\"text-editor.default\">\n\t\t\t\t<div class=\"elementor-widget-container\">\n\t\t\t<style>\/*! elementor - v3.23.0 - 05-08-2024 *\/\n.elementor-widget-text-editor.elementor-drop-cap-view-stacked .elementor-drop-cap{background-color:#69727d;color:#fff}.elementor-widget-text-editor.elementor-drop-cap-view-framed .elementor-drop-cap{color:#69727d;border:3px solid;background-color:transparent}.elementor-widget-text-editor:not(.elementor-drop-cap-view-default) .elementor-drop-cap{margin-top:8px}.elementor-widget-text-editor:not(.elementor-drop-cap-view-default) .elementor-drop-cap-letter{width:1em;height:1em}.elementor-widget-text-editor .elementor-drop-cap{float:left;text-align:center;line-height:1;font-size:50px}.elementor-widget-text-editor .elementor-drop-cap-letter{display:inline-block}<\/style>\t\t\t\t<p><strong>Vorteile:<\/strong><\/p><ul><li>Reduzierung von Schwellungen im K\u00f6rper<\/li><li>Entschlackung des Gewebes<\/li><li>F\u00f6rderung der Durchblutung<\/li><li>Verbesserung des Hautbildes durch Beseitigung von Toxinen<\/li><li>Unterst\u00fctzung des Immunsystems<\/li><li>Linderung von Beschwerden wie m\u00fcden Beinen, Cellulite und Wasserretention<\/li><li>Gef\u00fchl der Entspannung und Erholung<\/li><\/ul>\t\t\t\t\t\t<\/div>\n\t\t\t\t<\/div>\n\t\t\t\t<\/div>\n\t\t<div class=\"elementor-element elementor-element-f40e282 e-con-full e-flex e-con e-child\" data-id=\"f40e282\" data-element_type=\"container\">\n\t\t\t\t<\/div>\n\t\t\t\t\t<\/div>\n\t\t\t\t<\/div>\n\t\t\t\t<\/div>\n\t\t","protected":false},"excerpt":{"rendered":"<p>medizinisch zertifizierte Lymphdrainage Pressotherapie Was ist eine Lymphdrainage Pressotherapie Die medizinisch zertifizierte Lymphdrainage Pressotherapie ist eine fortschrittliche Behandlungsmethode, die den nat\u00fcrlichen Lymphfluss stimuliert, um Schwellungen zu reduzieren und den K\u00f6rper zu entschlacken. Durch sanfte, aber gezielte Druckwellen werden Giftstoffe und \u00fcbersch\u00fcssige Fl\u00fcssigkeiten aus dem Gewebe abtransportiert, was zu einem verbesserten Wohlbefinden und einer strafferen Haut [&hellip;]<\/p>\n","protected":false},"author":1,"featured_media":0,"parent":0,"menu_order":0,"comment_status":"closed","ping_status":"closed","template":"","meta":{"site-sidebar-layout":"no-sidebar","site-content-layout":"page-builder","ast-site-content-layout":"full-width-container","site-content-style":"unboxed","site-sidebar-style":"unboxed","ast-global-header-display":"","ast-banner-title-visibility":"","ast-main-header-display":"","ast-hfb-above-header-display":"","ast-hfb-below-header-display":"","ast-hfb-mobile-header-display":"","site-post-title":"disabled","ast-breadcrumbs-content":"","ast-featured-img":"disabled","footer-sml-layout":"","ast-disable-related-posts":"","theme-transparent-header-meta":"disabled","adv-header-id-meta":"","stick-header-meta":"","header-above-stick-meta":"","header-main-stick-meta":"","header-below-stick-meta":"","astra-migrate-meta-layouts":"set","ast-page-background-enabled":"default","ast-page-background-meta":{"desktop":{"background-color":"var(--ast-global-color-4)","background-image":"","background-repeat":"repeat","background-position":"center center","background-size":"auto","background-attachment":"scroll","background-type":"","background-media":"","overlay-type":"","overlay-color":"","overlay-opacity":"","overlay-gradient":""},"tablet":{"background-color":"","background-image":"","background-repeat":"repeat","background-position":"center center","background-size":"auto","background-attachment":"scroll","background-type":"","background-media":"","overlay-type":"","overlay-color":"","overlay-opacity":"","overlay-gradient":""},"mobile":{"background-color":"","background-image":"","background-repeat":"repeat","background-position":"center center","background-size":"auto","background-attachment":"scroll","background-type":"","background-media":"","overlay-type":"","overlay-color":"","overlay-opacity":"","overlay-gradient":""}},"ast-content-background-meta":{"desktop":{"background-color":"var(--ast-global-color-5)","background-image":"","background-repeat":"repeat","background-position":"center center","background-size":"auto","background-attachment":"scroll","background-type":"","background-media":"","overlay-type":"","overlay-color":"","overlay-opacity":"","overlay-gradient":""},"tablet":{"background-color":"var(--ast-global-color-5)","background-image":"","background-repeat":"repeat","background-position":"center center","background-size":"auto","background-attachment":"scroll","background-type":"","background-media":"","overlay-type":"","overlay-color":"","overlay-opacity":"","overlay-gradient":""},"mobile":{"background-color":"var(--ast-global-color-5)","background-image":"","background-repeat":"repeat","background-position":"center center","background-size":"auto","background-attachment":"scroll","background-type":"","background-media":"","overlay-type":"","overlay-color":"","overlay-opacity":"","overlay-gradient":""}},"two_page_speed":[]},"yoast_head":"<!-- This site is optimized with the Yoast SEO plugin v21.8.1 - https:\/\/yoast.com\/wordpress\/plugins\/seo\/ -->\n<title>Lymphdrainage Pressotherapie -<\/title>\n<meta name=\"description\" content=\"Die medizinisch zertifizierte Lymphdrainage Pressotherapie ist eine fortschrittliche Behandlungsmethode, die den nat\u00fcrlichen Lymphfluss stimuliert\" \/>\n<meta name=\"robots\" content=\"index, follow, max-snippet:-1, max-image-preview:large, max-video-preview:-1\" \/>\n<link rel=\"canonical\" href=\"https:\/\/ozbeauty.de\/en\/lymphdrainiage-pressotherapie\/\" \/>\n<meta property=\"og:locale\" content=\"en_GB\" \/>\n<meta property=\"og:type\" content=\"article\" \/>\n<meta property=\"og:title\" content=\"Lymphdrainage Pressotherapie -\" \/>\n<meta property=\"og:description\" content=\"Die medizinisch zertifizierte Lymphdrainage Pressotherapie ist eine fortschrittliche Behandlungsmethode, die den nat\u00fcrlichen Lymphfluss stimuliert\" \/>\n<meta property=\"og:url\" content=\"https:\/\/ozbeauty.de\/en\/lymphdrainiage-pressotherapie\/\" \/>\n<meta property=\"article:publisher\" content=\"https:\/\/www.facebook.com\/people\/Selda-zerik\/pfbid028etd2ZgpjNqS6E41bgZ2ehw1iQkG8bmLghwMbkTkKMcetqxQWqoDXFhnde7vdBAzl\/\" \/>\n<meta property=\"article:modified_time\" content=\"2024-04-07T15:47:40+00:00\" \/>\n<meta name=\"twitter:card\" content=\"summary_large_image\" \/>\n<meta name=\"twitter:label1\" content=\"Estimated reading time\" \/>\n\t<meta name=\"twitter:data1\" content=\"1 minute\" \/>\n<script type=\"application\/ld+json\" class=\"yoast-schema-graph\">{\"@context\":\"https:\/\/schema.org\",\"@graph\":[{\"@type\":\"WebPage\",\"@id\":\"https:\/\/ozbeauty.de\/lymphdrainiage-pressotherapie\/\",\"url\":\"https:\/\/ozbeauty.de\/lymphdrainiage-pressotherapie\/\",\"name\":\"Lymphdrainage Pressotherapie -\",\"isPartOf\":{\"@id\":\"https:\/\/ozbeauty.de\/#website\"},\"datePublished\":\"2024-04-07T11:36:36+00:00\",\"dateModified\":\"2024-04-07T15:47:40+00:00\",\"description\":\"Die medizinisch zertifizierte Lymphdrainage Pressotherapie ist eine fortschrittliche Behandlungsmethode, die den nat\u00fcrlichen Lymphfluss stimuliert\",\"breadcrumb\":{\"@id\":\"https:\/\/ozbeauty.de\/lymphdrainiage-pressotherapie\/#breadcrumb\"},\"inLanguage\":\"en-GB\",\"potentialAction\":[{\"@type\":\"ReadAction\",\"target\":[\"https:\/\/ozbeauty.de\/lymphdrainiage-pressotherapie\/\"]}]},{\"@type\":\"BreadcrumbList\",\"@id\":\"https:\/\/ozbeauty.de\/lymphdrainiage-pressotherapie\/#breadcrumb\",\"itemListElement\":[{\"@type\":\"ListItem\",\"position\":1,\"name\":\"Startseite\",\"item\":\"https:\/\/ozbeauty.de\/\"},{\"@type\":\"ListItem\",\"position\":2,\"name\":\"Lymphdrainage Pressotherapie\"}]},{\"@type\":\"WebSite\",\"@id\":\"https:\/\/ozbeauty.de\/#website\",\"url\":\"https:\/\/ozbeauty.de\/\",\"name\":\"www.ozbeauty.de\",\"description\":\"Cosmetic Salon\",\"publisher\":{\"@id\":\"https:\/\/ozbeauty.de\/#organization\"},\"potentialAction\":[{\"@type\":\"SearchAction\",\"target\":{\"@type\":\"EntryPoint\",\"urlTemplate\":\"https:\/\/ozbeauty.de\/?s={search_term_string}\"},\"query-input\":\"required name=search_term_string\"}],\"inLanguage\":\"en-GB\"},{\"@type\":\"Organization\",\"@id\":\"https:\/\/ozbeauty.de\/#organization\",\"name\":\"OZ Beauty Cosmetic\",\"url\":\"https:\/\/ozbeauty.de\/\",\"logo\":{\"@type\":\"ImageObject\",\"inLanguage\":\"en-GB\",\"@id\":\"https:\/\/ozbeauty.de\/#\/schema\/logo\/image\/\",\"url\":\"https:\/\/ozbeauty.de\/wp-content\/uploads\/2023\/04\/43874_OZ-BEAUTY_DP-01.png\",\"contentUrl\":\"https:\/\/ozbeauty.de\/wp-content\/uploads\/2023\/04\/43874_OZ-BEAUTY_DP-01.png\",\"width\":292,\"height\":186,\"caption\":\"OZ Beauty Cosmetic\"},\"image\":{\"@id\":\"https:\/\/ozbeauty.de\/#\/schema\/logo\/image\/\"},\"sameAs\":[\"https:\/\/www.facebook.com\/people\/Selda-zerik\/pfbid028etd2ZgpjNqS6E41bgZ2ehw1iQkG8bmLghwMbkTkKMcetqxQWqoDXFhnde7vdBAzl\/\",\"https:\/\/www.instagram.com\/ozbeauty_\/\"]}]}<\/script>\n<!-- \/ Yoast SEO plugin. -->","yoast_head_json":{"title":"Lymphdrainage Pressotherapie -","description":"Die medizinisch zertifizierte Lymphdrainage Pressotherapie ist eine fortschrittliche Behandlungsmethode, die den nat\u00fcrlichen Lymphfluss stimuliert","robots":{"index":"index","follow":"follow","max-snippet":"max-snippet:-1","max-image-preview":"max-image-preview:large","max-video-preview":"max-video-preview:-1"},"canonical":"https:\/\/ozbeauty.de\/en\/lymphdrainiage-pressotherapie\/","og_locale":"en_GB","og_type":"article","og_title":"Lymphdrainage Pressotherapie -","og_description":"Die medizinisch zertifizierte Lymphdrainage Pressotherapie ist eine fortschrittliche Behandlungsmethode, die den nat\u00fcrlichen Lymphfluss stimuliert","og_url":"https:\/\/ozbeauty.de\/en\/lymphdrainiage-pressotherapie\/","article_publisher":"https:\/\/www.facebook.com\/people\/Selda-zerik\/pfbid028etd2ZgpjNqS6E41bgZ2ehw1iQkG8bmLghwMbkTkKMcetqxQWqoDXFhnde7vdBAzl\/","article_modified_time":"2024-04-07T15:47:40+00:00","twitter_card":"summary_large_image","twitter_misc":{"Estimated reading time":"1 minute"},"schema":{"@context":"https:\/\/schema.org","@graph":[{"@type":"WebPage","@id":"https:\/\/ozbeauty.de\/lymphdrainiage-pressotherapie\/","url":"https:\/\/ozbeauty.de\/lymphdrainiage-pressotherapie\/","name":"Lymphdrainage Pressotherapie -","isPartOf":{"@id":"https:\/\/ozbeauty.de\/#website"},"datePublished":"2024-04-07T11:36:36+00:00","dateModified":"2024-04-07T15:47:40+00:00","description":"Die medizinisch zertifizierte Lymphdrainage Pressotherapie ist eine fortschrittliche Behandlungsmethode, die den nat\u00fcrlichen Lymphfluss stimuliert","breadcrumb":{"@id":"https:\/\/ozbeauty.de\/lymphdrainiage-pressotherapie\/#breadcrumb"},"inLanguage":"en-GB","potentialAction":[{"@type":"ReadAction","target":["https:\/\/ozbeauty.de\/lymphdrainiage-pressotherapie\/"]}]},{"@type":"BreadcrumbList","@id":"https:\/\/ozbeauty.de\/lymphdrainiage-pressotherapie\/#breadcrumb","itemListElement":[{"@type":"ListItem","position":1,"name":"Startseite","item":"https:\/\/ozbeauty.de\/"},{"@type":"ListItem","position":2,"name":"Lymphdrainage Pressotherapie"}]},{"@type":"WebSite","@id":"https:\/\/ozbeauty.de\/#website","url":"https:\/\/ozbeauty.de\/","name":"www.ozbeauty.de","description":"Cosmetic Salon","publisher":{"@id":"https:\/\/ozbeauty.de\/#organization"},"potentialAction":[{"@type":"SearchAction","target":{"@type":"EntryPoint","urlTemplate":"https:\/\/ozbeauty.de\/?s={search_term_string}"},"query-input":"required name=search_term_string"}],"inLanguage":"en-GB"},{"@type":"Organization","@id":"https:\/\/ozbeauty.de\/#organization","name":"OZ Beauty Cosmetic","url":"https:\/\/ozbeauty.de\/","logo":{"@type":"ImageObject","inLanguage":"en-GB","@id":"https:\/\/ozbeauty.de\/#\/schema\/logo\/image\/","url":"https:\/\/ozbeauty.de\/wp-content\/uploads\/2023\/04\/43874_OZ-BEAUTY_DP-01.png","contentUrl":"https:\/\/ozbeauty.de\/wp-content\/uploads\/2023\/04\/43874_OZ-BEAUTY_DP-01.png","width":292,"height":186,"caption":"OZ Beauty Cosmetic"},"image":{"@id":"https:\/\/ozbeauty.de\/#\/schema\/logo\/image\/"},"sameAs":["https:\/\/www.facebook.com\/people\/Selda-zerik\/pfbid028etd2ZgpjNqS6E41bgZ2ehw1iQkG8bmLghwMbkTkKMcetqxQWqoDXFhnde7vdBAzl\/","https:\/\/www.instagram.com\/ozbeauty_\/"]}]}},"_links":{"self":[{"href":"https:\/\/ozbeauty.de\/en\/wp-json\/wp\/v2\/pages\/1995"}],"collection":[{"href":"https:\/\/ozbeauty.de\/en\/wp-json\/wp\/v2\/pages"}],"about":[{"href":"https:\/\/ozbeauty.de\/en\/wp-json\/wp\/v2\/types\/page"}],"author":[{"embeddable":true,"href":"https:\/\/ozbeauty.de\/en\/wp-json\/wp\/v2\/users\/1"}],"replies":[{"embeddable":true,"href":"https:\/\/ozbeauty.de\/en\/wp-json\/wp\/v2\/comments?post=1995"}],"version-history":[{"count":53,"href":"https:\/\/ozbeauty.de\/en\/wp-json\/wp\/v2\/pages\/1995\/revisions"}],"predecessor-version":[{"id":2205,"href":"https:\/\/ozbeauty.de\/en\/wp-json\/wp\/v2\/pages\/1995\/revisions\/2205"}],"wp:attachment":[{"href":"https:\/\/ozbeauty.de\/en\/wp-json\/wp\/v2\/media?parent=1995"}],"curies":[{"name":"wp","href":"https:\/\/api.w.org\/{rel}","templated":true}]}}