{"id":138,"date":"2023-04-09T14:27:34","date_gmt":"2023-04-09T14:27:34","guid":{"rendered":"http:\/\/ozbeauty.de\/?page_id=138"},"modified":"2023-08-02T21:31:16","modified_gmt":"2023-08-02T21:31:16","slug":"koerperformung","status":"publish","type":"page","link":"https:\/\/ozbeauty.de\/en\/koerperformung\/","title":{"rendered":"Body shaping"},"content":{"rendered":"\t\t<div data-elementor-type=\"wp-page\" data-elementor-id=\"138\" class=\"elementor elementor-138\">\n\t\t\t\t<div class=\"elementor-element elementor-element-fdbdee8 e-flex e-con-boxed e-con e-parent\" data-id=\"fdbdee8\" data-element_type=\"container\" data-settings=\"{&quot;background_background&quot;:&quot;classic&quot;}\">\n\t\t\t\t\t<div class=\"e-con-inner\">\n\t\t<div class=\"elementor-element elementor-element-4084942 e-flex e-con-boxed e-con e-parent\" data-id=\"4084942\" data-element_type=\"container\">\n\t\t\t\t\t<div class=\"e-con-inner\">\n\t\t\t\t\t<\/div>\n\t\t\t\t<\/div>\n\t\t\t\t<div class=\"elementor-element elementor-element-446874e elementor-widget elementor-widget-heading\" data-id=\"446874e\" data-element_type=\"widget\" data-widget_type=\"heading.default\">\n\t\t\t\t<div class=\"elementor-widget-container\">\n\t\t\t<style>\/*! elementor - v3.23.0 - 05-08-2024 *\/\n.elementor-heading-title{padding:0;margin:0;line-height:1}.elementor-widget-heading .elementor-heading-title[class*=elementor-size-]>a{color:inherit;font-size:inherit;line-height:inherit}.elementor-widget-heading .elementor-heading-title.elementor-size-small{font-size:15px}.elementor-widget-heading .elementor-heading-title.elementor-size-medium{font-size:19px}.elementor-widget-heading .elementor-heading-title.elementor-size-large{font-size:29px}.elementor-widget-heading .elementor-heading-title.elementor-size-xl{font-size:39px}.elementor-widget-heading .elementor-heading-title.elementor-size-xxl{font-size:59px}<\/style><h2 class=\"elementor-heading-title elementor-size-default\">K\u00d6RPERFORMUNG<\/h2>\t\t<\/div>\n\t\t\t\t<\/div>\n\t\t\t\t<div class=\"elementor-element elementor-element-5f9b432 elementor-widget elementor-widget-spacer\" data-id=\"5f9b432\" data-element_type=\"widget\" data-widget_type=\"spacer.default\">\n\t\t\t\t<div class=\"elementor-widget-container\">\n\t\t\t<style>\/*! elementor - v3.23.0 - 05-08-2024 *\/\n.elementor-column .elementor-spacer-inner{height:var(--spacer-size)}.e-con{--container-widget-width:100%}.e-con-inner>.elementor-widget-spacer,.e-con>.elementor-widget-spacer{width:var(--container-widget-width,var(--spacer-size));--align-self:var(--container-widget-align-self,initial);--flex-shrink:0}.e-con-inner>.elementor-widget-spacer>.elementor-widget-container,.e-con>.elementor-widget-spacer>.elementor-widget-container{height:100%;width:100%}.e-con-inner>.elementor-widget-spacer>.elementor-widget-container>.elementor-spacer,.e-con>.elementor-widget-spacer>.elementor-widget-container>.elementor-spacer{height:100%}.e-con-inner>.elementor-widget-spacer>.elementor-widget-container>.elementor-spacer>.elementor-spacer-inner,.e-con>.elementor-widget-spacer>.elementor-widget-container>.elementor-spacer>.elementor-spacer-inner{height:var(--container-widget-height,var(--spacer-size))}.e-con-inner>.elementor-widget-spacer.elementor-widget-empty,.e-con>.elementor-widget-spacer.elementor-widget-empty{position:relative;min-height:22px;min-width:22px}.e-con-inner>.elementor-widget-spacer.elementor-widget-empty .elementor-widget-empty-icon,.e-con>.elementor-widget-spacer.elementor-widget-empty .elementor-widget-empty-icon{position:absolute;top:0;bottom:0;left:0;right:0;margin:auto;padding:0;width:22px;height:22px}<\/style>\t\t<div class=\"elementor-spacer\">\n\t\t\t<div class=\"elementor-spacer-inner\"><\/div>\n\t\t<\/div>\n\t\t\t\t<\/div>\n\t\t\t\t<\/div>\n\t\t\t\t<div class=\"elementor-element elementor-element-2c8ed81 elementor-widget__width-initial elementor-widget-mobile__width-initial elementor-widget elementor-widget-text-editor\" data-id=\"2c8ed81\" data-element_type=\"widget\" data-widget_type=\"text-editor.default\">\n\t\t\t\t<div class=\"elementor-widget-container\">\n\t\t\t<style>\/*! elementor - v3.23.0 - 05-08-2024 *\/\n.elementor-widget-text-editor.elementor-drop-cap-view-stacked .elementor-drop-cap{background-color:#69727d;color:#fff}.elementor-widget-text-editor.elementor-drop-cap-view-framed .elementor-drop-cap{color:#69727d;border:3px solid;background-color:transparent}.elementor-widget-text-editor:not(.elementor-drop-cap-view-default) .elementor-drop-cap{margin-top:8px}.elementor-widget-text-editor:not(.elementor-drop-cap-view-default) .elementor-drop-cap-letter{width:1em;height:1em}.elementor-widget-text-editor .elementor-drop-cap{float:left;text-align:center;line-height:1;font-size:50px}.elementor-widget-text-editor .elementor-drop-cap-letter{display:inline-block}<\/style>\t\t\t\t<p style=\"text-align: left;\">Die Technologie von Body Shape kombiniert Infrarotlicht, bipolare Radiofrequenz und Vakuumtherapie, wodurch es zu einer tiefen Erw\u00e4rmung der Fettzellen, des umliegenden Bindegewebes und der Kollagenfasern in der Haut kommt. Diese Erw\u00e4rmung stimuliert in Kombination mit der Vakuumtherapie das Wachstum von neuem Kollagen sowie Elastin und f\u00fchrt damit zu einer lokalen Straffung der Haut. Der K\u00f6rperumfang wird an dieser Stelle verringert, Hautstruktur und -textur werden verbessert.<\/p>\t\t\t\t\t\t<\/div>\n\t\t\t\t<\/div>\n\t\t\t\t\t<\/div>\n\t\t\t\t<\/div>\n\t\t<div class=\"elementor-element elementor-element-9159e9b e-flex e-con-boxed e-con e-parent\" data-id=\"9159e9b\" data-element_type=\"container\">\n\t\t\t\t\t<div class=\"e-con-inner\">\n\t\t<div class=\"elementor-element elementor-element-265674c e-con-full e-flex e-con e-parent\" data-id=\"265674c\" data-element_type=\"container\">\n\t\t<div class=\"elementor-element elementor-element-97db10d e-flex e-con-boxed e-con e-parent\" data-id=\"97db10d\" data-element_type=\"container\">\n\t\t\t\t\t<div class=\"e-con-inner\">\n\t\t\t\t\t<\/div>\n\t\t\t\t<\/div>\n\t\t\t\t<div class=\"elementor-element elementor-element-4743df1 elementor-widget elementor-widget-text-editor\" data-id=\"4743df1\" data-element_type=\"widget\" data-widget_type=\"text-editor.default\">\n\t\t\t\t<div class=\"elementor-widget-container\">\n\t\t\t\t\t\t\t<p style=\"text-align: center;\">Umfangsreduktion und Anti Cellulite Behandlung<\/p><p style=\"text-align: center;\">durch Massageeffekt wird au\u00dferdem die Blutzirkulation erh\u00f6ht<\/p><p style=\"text-align: center;\">der Stoffwechsel wird angeregt und das Eindringen der Radiofrequenzen in die tieferen Hautschichten unterst\u00fctzt<\/p><p style=\"text-align: center;\">gleichzeitig entsteht entspannendes und wohltuendes Gef\u00fchl<\/p><p style=\"text-align: center;\">Straffen sie Ihre Haut nur in 4-6 Sitzungen<\/p>\t\t\t\t\t\t<\/div>\n\t\t\t\t<\/div>\n\t\t\t\t<\/div>\n\t\t<div class=\"elementor-element elementor-element-c7e282e e-con-full e-flex e-con e-parent\" data-id=\"c7e282e\" data-element_type=\"container\" data-settings=\"{&quot;background_background&quot;:&quot;classic&quot;}\">\n\t\t<div class=\"elementor-element elementor-element-0e11f6a e-flex e-con-boxed e-con e-parent\" data-id=\"0e11f6a\" data-element_type=\"container\">\n\t\t\t\t\t<div class=\"e-con-inner\">\n\t\t\t\t\t<\/div>\n\t\t\t\t<\/div>\n\t\t\t\t<div class=\"elementor-element elementor-element-d156864 elementor-widget elementor-widget-image\" data-id=\"d156864\" data-element_type=\"widget\" data-widget_type=\"image.default\">\n\t\t\t\t<div class=\"elementor-widget-container\">\n\t\t\t<style>\/*! elementor - v3.23.0 - 05-08-2024 *\/\n.elementor-widget-image{text-align:center}.elementor-widget-image a{display:inline-block}.elementor-widget-image a img[src$=\".svg\"]{width:48px}.elementor-widget-image img{vertical-align:middle;display:inline-block}<\/style>\t\t\t\t\t\t\t\t\t\t<img fetchpriority=\"high\" decoding=\"async\" width=\"1024\" height=\"668\" src=\"https:\/\/ozbeauty.de\/wp-content\/uploads\/2023\/04\/iStock-13519869551-1024x668.jpg\" class=\"attachment-large size-large wp-image-150\" alt=\"\" srcset=\"https:\/\/ozbeauty.de\/wp-content\/uploads\/2023\/04\/iStock-13519869551-1024x668.jpg 1024w, https:\/\/ozbeauty.de\/wp-content\/uploads\/2023\/04\/iStock-13519869551-300x196.jpg 300w, https:\/\/ozbeauty.de\/wp-content\/uploads\/2023\/04\/iStock-13519869551-768x501.jpg 768w, https:\/\/ozbeauty.de\/wp-content\/uploads\/2023\/04\/iStock-13519869551-1536x1001.jpg 1536w, https:\/\/ozbeauty.de\/wp-content\/uploads\/2023\/04\/iStock-13519869551-2048x1335.jpg 2048w\" sizes=\"(max-width: 1024px) 100vw, 1024px\" \/>\t\t\t\t\t\t\t\t\t\t\t\t\t<\/div>\n\t\t\t\t<\/div>\n\t\t\t\t<\/div>\n\t\t\t\t\t<\/div>\n\t\t\t\t<\/div>\n\t\t<div class=\"elementor-element elementor-element-6e0b483 e-flex e-con-boxed e-con e-parent\" data-id=\"6e0b483\" data-element_type=\"container\">\n\t\t\t\t\t<div class=\"e-con-inner\">\n\t\t\t\t\t<\/div>\n\t\t\t\t<\/div>\n\t\t\t\t<\/div>\n\t\t","protected":false},"excerpt":{"rendered":"<p>K\u00d6RPERFORMUNG Die Technologie von Body Shape kombiniert Infrarotlicht, bipolare Radiofrequenz und Vakuumtherapie, wodurch es zu einer tiefen Erw\u00e4rmung der Fettzellen, des umliegenden Bindegewebes und der Kollagenfasern in der Haut kommt. Diese Erw\u00e4rmung stimuliert in Kombination mit der Vakuumtherapie das Wachstum von neuem Kollagen sowie Elastin und f\u00fchrt damit zu einer lokalen Straffung der Haut. Der [&hellip;]<\/p>\n","protected":false},"author":1,"featured_media":0,"parent":0,"menu_order":0,"comment_status":"closed","ping_status":"closed","template":"elementor_header_footer","meta":{"site-sidebar-layout":"default","site-content-layout":"","ast-site-content-layout":"default","site-content-style":"default","site-sidebar-style":"default","ast-global-header-display":"","ast-banner-title-visibility":"","ast-main-header-display":"","ast-hfb-above-header-display":"","ast-hfb-below-header-display":"","ast-hfb-mobile-header-display":"","site-post-title":"","ast-breadcrumbs-content":"","ast-featured-img":"","footer-sml-layout":"","ast-disable-related-posts":"","theme-transparent-header-meta":"","adv-header-id-meta":"","stick-header-meta":"","header-above-stick-meta":"","header-main-stick-meta":"","header-below-stick-meta":"","astra-migrate-meta-layouts":"default","ast-page-background-enabled":"default","ast-page-background-meta":{"desktop":{"background-color":"var(--ast-global-color-4)","background-image":"","background-repeat":"repeat","background-position":"center center","background-size":"auto","background-attachment":"scroll","background-type":"","background-media":"","overlay-type":"","overlay-color":"","overlay-opacity":"","overlay-gradient":""},"tablet":{"background-color":"","background-image":"","background-repeat":"repeat","background-position":"center center","background-size":"auto","background-attachment":"scroll","background-type":"","background-media":"","overlay-type":"","overlay-color":"","overlay-opacity":"","overlay-gradient":""},"mobile":{"background-color":"","background-image":"","background-repeat":"repeat","background-position":"center center","background-size":"auto","background-attachment":"scroll","background-type":"","background-media":"","overlay-type":"","overlay-color":"","overlay-opacity":"","overlay-gradient":""}},"ast-content-background-meta":{"desktop":{"background-color":"var(--ast-global-color-5)","background-image":"","background-repeat":"repeat","background-position":"center center","background-size":"auto","background-attachment":"scroll","background-type":"","background-media":"","overlay-type":"","overlay-color":"","overlay-opacity":"","overlay-gradient":""},"tablet":{"background-color":"var(--ast-global-color-5)","background-image":"","background-repeat":"repeat","background-position":"center center","background-size":"auto","background-attachment":"scroll","background-type":"","background-media":"","overlay-type":"","overlay-color":"","overlay-opacity":"","overlay-gradient":""},"mobile":{"background-color":"var(--ast-global-color-5)","background-image":"","background-repeat":"repeat","background-position":"center center","background-size":"auto","background-attachment":"scroll","background-type":"","background-media":"","overlay-type":"","overlay-color":"","overlay-opacity":"","overlay-gradient":""}},"two_page_speed":[]},"yoast_head":"<!-- This site is optimized with the Yoast SEO plugin v21.8.1 - https:\/\/yoast.com\/wordpress\/plugins\/seo\/ -->\n<title>Bodyshape | K\u00f6rperformung| Gesichtsformung | Aschaffenburg<\/title>\n<meta name=\"description\" content=\"Body Shape kombiniert Infrarotlicht, Radiofrequenz und Vakuumtherapie, um Fettzellen zu erw\u00e4rmen. Strafft die Haut. Reduziert den K\u00f6rperumfang\" \/>\n<meta name=\"robots\" content=\"index, follow, max-snippet:-1, max-image-preview:large, max-video-preview:-1\" \/>\n<link rel=\"canonical\" href=\"https:\/\/ozbeauty.de\/en\/koerperformung\/\" \/>\n<meta property=\"og:locale\" content=\"en_GB\" \/>\n<meta property=\"og:type\" content=\"article\" \/>\n<meta property=\"og:title\" content=\"Bodyshape | K\u00f6rperformung| Gesichtsformung | Aschaffenburg\" \/>\n<meta property=\"og:description\" content=\"Body Shape kombiniert Infrarotlicht, Radiofrequenz und Vakuumtherapie, um Fettzellen zu erw\u00e4rmen. Strafft die Haut. Reduziert den K\u00f6rperumfang\" \/>\n<meta property=\"og:url\" content=\"https:\/\/ozbeauty.de\/en\/koerperformung\/\" \/>\n<meta property=\"article:publisher\" content=\"https:\/\/www.facebook.com\/people\/Selda-zerik\/pfbid028etd2ZgpjNqS6E41bgZ2ehw1iQkG8bmLghwMbkTkKMcetqxQWqoDXFhnde7vdBAzl\/\" \/>\n<meta property=\"article:modified_time\" content=\"2023-08-02T21:31:16+00:00\" \/>\n<meta property=\"og:image\" content=\"http:\/\/ozbeauty.de\/wp-content\/uploads\/2023\/04\/iStock-13519869551-1024x668.jpg\" \/>\n<meta name=\"twitter:card\" content=\"summary_large_image\" \/>\n<meta name=\"twitter:label1\" content=\"Estimated reading time\" \/>\n\t<meta name=\"twitter:data1\" content=\"1 minute\" \/>\n<script type=\"application\/ld+json\" class=\"yoast-schema-graph\">{\"@context\":\"https:\/\/schema.org\",\"@graph\":[{\"@type\":\"WebPage\",\"@id\":\"https:\/\/ozbeauty.de\/koerperformung\/\",\"url\":\"https:\/\/ozbeauty.de\/koerperformung\/\",\"name\":\"Bodyshape | K\u00f6rperformung| Gesichtsformung | Aschaffenburg\",\"isPartOf\":{\"@id\":\"https:\/\/ozbeauty.de\/#website\"},\"datePublished\":\"2023-04-09T14:27:34+00:00\",\"dateModified\":\"2023-08-02T21:31:16+00:00\",\"description\":\"Body Shape kombiniert Infrarotlicht, Radiofrequenz und Vakuumtherapie, um Fettzellen zu erw\u00e4rmen. Strafft die Haut. Reduziert den K\u00f6rperumfang\",\"breadcrumb\":{\"@id\":\"https:\/\/ozbeauty.de\/koerperformung\/#breadcrumb\"},\"inLanguage\":\"en-GB\",\"potentialAction\":[{\"@type\":\"ReadAction\",\"target\":[\"https:\/\/ozbeauty.de\/koerperformung\/\"]}]},{\"@type\":\"BreadcrumbList\",\"@id\":\"https:\/\/ozbeauty.de\/koerperformung\/#breadcrumb\",\"itemListElement\":[{\"@type\":\"ListItem\",\"position\":1,\"name\":\"Startseite\",\"item\":\"https:\/\/ozbeauty.de\/\"},{\"@type\":\"ListItem\",\"position\":2,\"name\":\"K\u00f6rperformung\"}]},{\"@type\":\"WebSite\",\"@id\":\"https:\/\/ozbeauty.de\/#website\",\"url\":\"https:\/\/ozbeauty.de\/\",\"name\":\"www.ozbeauty.de\",\"description\":\"Cosmetic Salon\",\"publisher\":{\"@id\":\"https:\/\/ozbeauty.de\/#organization\"},\"potentialAction\":[{\"@type\":\"SearchAction\",\"target\":{\"@type\":\"EntryPoint\",\"urlTemplate\":\"https:\/\/ozbeauty.de\/?s={search_term_string}\"},\"query-input\":\"required name=search_term_string\"}],\"inLanguage\":\"en-GB\"},{\"@type\":\"Organization\",\"@id\":\"https:\/\/ozbeauty.de\/#organization\",\"name\":\"OZ Beauty Cosmetic\",\"url\":\"https:\/\/ozbeauty.de\/\",\"logo\":{\"@type\":\"ImageObject\",\"inLanguage\":\"en-GB\",\"@id\":\"https:\/\/ozbeauty.de\/#\/schema\/logo\/image\/\",\"url\":\"https:\/\/ozbeauty.de\/wp-content\/uploads\/2023\/04\/43874_OZ-BEAUTY_DP-01.png\",\"contentUrl\":\"https:\/\/ozbeauty.de\/wp-content\/uploads\/2023\/04\/43874_OZ-BEAUTY_DP-01.png\",\"width\":292,\"height\":186,\"caption\":\"OZ Beauty Cosmetic\"},\"image\":{\"@id\":\"https:\/\/ozbeauty.de\/#\/schema\/logo\/image\/\"},\"sameAs\":[\"https:\/\/www.facebook.com\/people\/Selda-zerik\/pfbid028etd2ZgpjNqS6E41bgZ2ehw1iQkG8bmLghwMbkTkKMcetqxQWqoDXFhnde7vdBAzl\/\",\"https:\/\/www.instagram.com\/ozbeauty_\/\"]}]}<\/script>\n<!-- \/ Yoast SEO plugin. -->","yoast_head_json":{"title":"Bodyshape | K\u00f6rperformung| Gesichtsformung | Aschaffenburg","description":"Body Shape kombiniert Infrarotlicht, Radiofrequenz und Vakuumtherapie, um Fettzellen zu erw\u00e4rmen. Strafft die Haut. Reduziert den K\u00f6rperumfang","robots":{"index":"index","follow":"follow","max-snippet":"max-snippet:-1","max-image-preview":"max-image-preview:large","max-video-preview":"max-video-preview:-1"},"canonical":"https:\/\/ozbeauty.de\/en\/koerperformung\/","og_locale":"en_GB","og_type":"article","og_title":"Bodyshape | K\u00f6rperformung| Gesichtsformung | Aschaffenburg","og_description":"Body Shape kombiniert Infrarotlicht, Radiofrequenz und Vakuumtherapie, um Fettzellen zu erw\u00e4rmen. Strafft die Haut. Reduziert den K\u00f6rperumfang","og_url":"https:\/\/ozbeauty.de\/en\/koerperformung\/","article_publisher":"https:\/\/www.facebook.com\/people\/Selda-zerik\/pfbid028etd2ZgpjNqS6E41bgZ2ehw1iQkG8bmLghwMbkTkKMcetqxQWqoDXFhnde7vdBAzl\/","article_modified_time":"2023-08-02T21:31:16+00:00","og_image":[{"url":"http:\/\/ozbeauty.de\/wp-content\/uploads\/2023\/04\/iStock-13519869551-1024x668.jpg"}],"twitter_card":"summary_large_image","twitter_misc":{"Estimated reading time":"1 minute"},"schema":{"@context":"https:\/\/schema.org","@graph":[{"@type":"WebPage","@id":"https:\/\/ozbeauty.de\/koerperformung\/","url":"https:\/\/ozbeauty.de\/koerperformung\/","name":"Bodyshape | K\u00f6rperformung| Gesichtsformung | Aschaffenburg","isPartOf":{"@id":"https:\/\/ozbeauty.de\/#website"},"datePublished":"2023-04-09T14:27:34+00:00","dateModified":"2023-08-02T21:31:16+00:00","description":"Body Shape kombiniert Infrarotlicht, Radiofrequenz und Vakuumtherapie, um Fettzellen zu erw\u00e4rmen. Strafft die Haut. Reduziert den K\u00f6rperumfang","breadcrumb":{"@id":"https:\/\/ozbeauty.de\/koerperformung\/#breadcrumb"},"inLanguage":"en-GB","potentialAction":[{"@type":"ReadAction","target":["https:\/\/ozbeauty.de\/koerperformung\/"]}]},{"@type":"BreadcrumbList","@id":"https:\/\/ozbeauty.de\/koerperformung\/#breadcrumb","itemListElement":[{"@type":"ListItem","position":1,"name":"Startseite","item":"https:\/\/ozbeauty.de\/"},{"@type":"ListItem","position":2,"name":"K\u00f6rperformung"}]},{"@type":"WebSite","@id":"https:\/\/ozbeauty.de\/#website","url":"https:\/\/ozbeauty.de\/","name":"www.ozbeauty.de","description":"Cosmetic Salon","publisher":{"@id":"https:\/\/ozbeauty.de\/#organization"},"potentialAction":[{"@type":"SearchAction","target":{"@type":"EntryPoint","urlTemplate":"https:\/\/ozbeauty.de\/?s={search_term_string}"},"query-input":"required name=search_term_string"}],"inLanguage":"en-GB"},{"@type":"Organization","@id":"https:\/\/ozbeauty.de\/#organization","name":"OZ Beauty Cosmetic","url":"https:\/\/ozbeauty.de\/","logo":{"@type":"ImageObject","inLanguage":"en-GB","@id":"https:\/\/ozbeauty.de\/#\/schema\/logo\/image\/","url":"https:\/\/ozbeauty.de\/wp-content\/uploads\/2023\/04\/43874_OZ-BEAUTY_DP-01.png","contentUrl":"https:\/\/ozbeauty.de\/wp-content\/uploads\/2023\/04\/43874_OZ-BEAUTY_DP-01.png","width":292,"height":186,"caption":"OZ Beauty Cosmetic"},"image":{"@id":"https:\/\/ozbeauty.de\/#\/schema\/logo\/image\/"},"sameAs":["https:\/\/www.facebook.com\/people\/Selda-zerik\/pfbid028etd2ZgpjNqS6E41bgZ2ehw1iQkG8bmLghwMbkTkKMcetqxQWqoDXFhnde7vdBAzl\/","https:\/\/www.instagram.com\/ozbeauty_\/"]}]}},"_links":{"self":[{"href":"https:\/\/ozbeauty.de\/en\/wp-json\/wp\/v2\/pages\/138"}],"collection":[{"href":"https:\/\/ozbeauty.de\/en\/wp-json\/wp\/v2\/pages"}],"about":[{"href":"https:\/\/ozbeauty.de\/en\/wp-json\/wp\/v2\/types\/page"}],"author":[{"embeddable":true,"href":"https:\/\/ozbeauty.de\/en\/wp-json\/wp\/v2\/users\/1"}],"replies":[{"embeddable":true,"href":"https:\/\/ozbeauty.de\/en\/wp-json\/wp\/v2\/comments?post=138"}],"version-history":[{"count":47,"href":"https:\/\/ozbeauty.de\/en\/wp-json\/wp\/v2\/pages\/138\/revisions"}],"predecessor-version":[{"id":1672,"href":"https:\/\/ozbeauty.de\/en\/wp-json\/wp\/v2\/pages\/138\/revisions\/1672"}],"wp:attachment":[{"href":"https:\/\/ozbeauty.de\/en\/wp-json\/wp\/v2\/media?parent=138"}],"curies":[{"name":"wp","href":"https:\/\/api.w.org\/{rel}","templated":true}]}}